{"id":56,"date":"2018-09-14T17:32:09","date_gmt":"2018-09-14T15:32:09","guid":{"rendered":"http:\/\/lukaszabramczuk.com\/wspa\/?page_id=56"},"modified":"2025-05-08T13:10:32","modified_gmt":"2025-05-08T11:10:32","slug":"aktualnosci","status":"publish","type":"page","link":"https:\/\/abk.wspa.pl\/index.php\/pl\/aktualnosci\/","title":{"rendered":"Strona G\u0142\u00f3wna"},"content":{"rendered":"<p>[et_pb_section fb_built=&#8221;1&#8243; disabled_on=&#8221;on|on|off&#8221; _builder_version=&#8221;3.0.106&#8243; background_image=&#8221;http:\/\/abk.wspa.pl\/wp-content\/uploads\/2018\/12\/glowne2.jpg&#8221; parallax=&#8221;on&#8221; custom_margin=&#8221;||-90px|&#8221; custom_padding=&#8221;0|0px|54px|0px&#8221; filter_opacity=&#8221;90%&#8221; custom_css_main_element=&#8221;height: 90vh;&#8221;][et_pb_row custom_padding=&#8221;6.6%|0px|5px|0px&#8221; use_background_color_gradient_1=&#8221;off&#8221; background_color_gradient_start_1=&#8221;rgba(0,0,0,0.6)&#8221; background_color_gradient_end_1=&#8221;rgba(0,0,0,0.14)&#8221; background_color_gradient_direction_1=&#8221;90deg&#8221; background_color_gradient_start_position_1=&#8221;18%&#8221; background_color_gradient_end_position_1=&#8221;100%&#8221; background_color_gradient_overlays_image_1=&#8221;off&#8221; _builder_version=&#8221;3.0.106&#8243; use_background_color_gradient=&#8221;on&#8221; background_color_gradient_start=&#8221;rgba(0,0,0,0.34)&#8221; background_color_gradient_end=&#8221;rgba(0,0,0,0.68)&#8221; background_color_gradient_direction=&#8221;203deg&#8221;][et_pb_column type=&#8221;2_3&#8243; _builder_version=&#8221;3.0.47&#8243; parallax=&#8221;off&#8221; parallax_method=&#8221;on&#8221; use_background_color_gradient=&#8221;off&#8221; background_color_gradient_start=&#8221;rgba(0,0,0,0.6)&#8221; background_color_gradient_end=&#8221;rgba(0,0,0,0.14)&#8221; background_color_gradient_direction=&#8221;90deg&#8221; background_color_gradient_start_position=&#8221;18%&#8221; background_color_gradient_end_position=&#8221;100%&#8221; background_color_gradient_overlays_image=&#8221;off&#8221;][et_pb_text background_layout=&#8221;dark&#8221; _builder_version=&#8221;3.0.106&#8243; text_font=&#8221;Montserrat|100||on|||||&#8221; text_font_size=&#8221;80px&#8221; text_font_size_tablet=&#8221;60px&#8221; text_font_size_phone=&#8221;35px&#8221; text_font_size_last_edited=&#8221;on|tablet&#8221; header_font=&#8221;||||||||&#8221; custom_margin=&#8221;|||50px&#8221; custom_margin_phone=&#8221;50px||0px|44px&#8221; custom_margin_last_edited=&#8221;on|desktop&#8221; custom_padding=&#8221;||30px|0px&#8221; animation_style=&#8221;fold&#8221; animation_direction=&#8221;left&#8221;]<\/p>\n<p>Centrum<\/p>\n<p>[\/et_pb_text][et_pb_text background_layout=&#8221;dark&#8221; _builder_version=&#8221;3.0.106&#8243; text_font=&#8221;Montserrat|100||on|||||&#8221; text_font_size=&#8221;80px&#8221; text_font_size_tablet=&#8221;60px&#8221; text_font_size_phone=&#8221;35px&#8221; text_font_size_last_edited=&#8221;on|phone&#8221; custom_margin=&#8221;|||41px&#8221; custom_margin_tablet=&#8221;|||&#8221; custom_margin_phone=&#8221;||0px|40px&#8221; custom_margin_last_edited=&#8221;on|tablet&#8221; custom_padding=&#8221;||30px|&#8221; animation_style=&#8221;fold&#8221; animation_direction=&#8221;left&#8221; animation_duration=&#8221;1900ms&#8221;]<\/p>\n<p>Planowania<\/p>\n<p>[\/et_pb_text][et_pb_text background_layout=&#8221;dark&#8221; _builder_version=&#8221;3.0.106&#8243; text_font=&#8221;Montserrat|100||on|||||&#8221; text_font_size=&#8221;80px&#8221; text_font_size_tablet=&#8221;60px&#8221; text_font_size_phone=&#8221;35px&#8221; text_font_size_last_edited=&#8221;on|tablet&#8221; header_font=&#8221;||||||||&#8221; custom_margin=&#8221;|||40px&#8221; custom_padding=&#8221;|||&#8221; animation_style=&#8221;fold&#8221; animation_direction=&#8221;left&#8221; animation_duration=&#8221;1450ms&#8221;]<\/p>\n<p>KarierY<\/p>\n<p>[\/et_pb_text][et_pb_text background_layout=&#8221;dark&#8221; _builder_version=&#8221;3.0.106&#8243; text_font=&#8221;Montserrat|300|||||||&#8221; text_font_size=&#8221;20px&#8221; text_font_size_phone=&#8221;11px&#8221; text_font_size_last_edited=&#8221;on|desktop&#8221; text_line_height=&#8221;1em&#8221; custom_margin=&#8221;|||44px&#8221; custom_padding=&#8221;|||&#8221; animation_style=&#8221;slide&#8221; animation_direction=&#8221;bottom&#8221; animation_duration=&#8221;2000ms&#8221; animation_delay=&#8221;400ms&#8221; animation_intensity_slide=&#8221;35%&#8221;]Wy\u017cszej Szko\u0142y Przedsi\u0119biorczosci i Administracji w Lublinie<br \/>\n[\/et_pb_text][\/et_pb_column][et_pb_column type=&#8221;1_3&#8243; _builder_version=&#8221;3.0.47&#8243; parallax=&#8221;off&#8221; parallax_method=&#8221;on&#8221;][et_pb_image src=&#8221;https:\/\/abk.wspa.pl\/wp-content\/uploads\/2023\/01\/WSPA-Logotyp-25-lecie-sygnet-bialo-czerwone.png&#8221; show_bottom_space=&#8221;off&#8221; align=&#8221;center&#8221; always_center_on_mobile=&#8221;off&#8221; _builder_version=&#8221;3.0.106&#8243; max_width_tablet=&#8221;0%&#8221; max_width_phone=&#8221;16%&#8221; max_width_last_edited=&#8221;on|tablet&#8221; module_alignment=&#8221;center&#8221; custom_margin=&#8221;-50px|0px||&#8221; custom_padding=&#8221;|||&#8221; filter_opacity=&#8221;75%&#8221; custom_css_main_element=&#8221;right: 40px&#8221;][\/et_pb_image][\/et_pb_column][\/et_pb_row][et_pb_row use_custom_width=&#8221;on&#8221; use_custom_gutter=&#8221;on&#8221; gutter_width=&#8221;4&#8243; custom_padding=&#8221;0.8%|0px|95px|0px&#8221; _builder_version=&#8221;3.0.106&#8243;][et_pb_column type=&#8221;1_2&#8243; _builder_version=&#8221;3.0.47&#8243; parallax=&#8221;off&#8221; parallax_method=&#8221;on&#8221;][et_pb_button button_url=&#8221;\/index.php\/pl\/informacje&#8221; button_text=&#8221;Informacje o doradztwie&#8221; button_alignment=&#8221;center&#8221; _builder_version=&#8221;3.0.106&#8243; custom_button=&#8221;on&#8221; button_text_size=&#8221;38px&#8221; button_text_color=&#8221;rgba(0,0,0,0.61)&#8221; button_bg_color=&#8221;rgba(255,255,255,0.72)&#8221; button_border_width=&#8221;0px&#8221; button_border_radius=&#8221;0px&#8221; button_font=&#8221;Montserrat|300||on|||||&#8221; button_use_icon=&#8221;off&#8221; button_text_color_hover=&#8221;#ffffff&#8221; button_bg_color_hover=&#8221;rgba(224,45,35,0.31)&#8221; button_border_radius_hover=&#8221;0px&#8221; button_text_size_tablet=&#8221;30px&#8221; button_text_size_phone=&#8221;20px&#8221; button_text_size_last_edited=&#8221;on|tablet&#8221; animation_style=&#8221;zoom&#8221; animation_duration=&#8221;1250ms&#8221; animation_intensity_zoom=&#8221;14%&#8221;][\/et_pb_button][\/et_pb_column][et_pb_column type=&#8221;1_2&#8243; _builder_version=&#8221;3.0.47&#8243; parallax=&#8221;off&#8221; parallax_method=&#8221;on&#8221;][et_pb_button button_url=&#8221;\/index.php\/pl\/oferty-wspolpracy\/&#8221; button_text=&#8221;Oferty wsp\u00f3\u0142pracy&#8221; button_alignment=&#8221;center&#8221; _builder_version=&#8221;3.0.106&#8243; custom_button=&#8221;on&#8221; button_text_size=&#8221;38px&#8221; button_text_color=&#8221;rgba(0,0,0,0.61)&#8221; button_bg_color=&#8221;rgba(255,255,255,0.72)&#8221; button_border_width=&#8221;0px&#8221; button_border_radius=&#8221;0px&#8221; button_font=&#8221;Montserrat|300||on|||||&#8221; button_use_icon=&#8221;off&#8221; button_text_color_hover=&#8221;#ffffff&#8221; button_bg_color_hover=&#8221;rgba(224,45,35,0.31)&#8221; button_border_radius_hover=&#8221;0px&#8221; button_text_size_tablet=&#8221;30px&#8221; button_text_size_phone=&#8221;20px&#8221; button_text_size_last_edited=&#8221;on|tablet&#8221; animation_style=&#8221;zoom&#8221; animation_duration=&#8221;1250ms&#8221; animation_delay=&#8221;200ms&#8221; animation_intensity_zoom=&#8221;14%&#8221;][\/et_pb_button][\/et_pb_column][\/et_pb_row][\/et_pb_section][et_pb_section fb_built=&#8221;1&#8243; disabled_on=&#8221;off|off|on&#8221; _builder_version=&#8221;3.0.106&#8243; background_image=&#8221;http:\/\/abk.wspa.pl\/wp-content\/uploads\/2018\/12\/glowne2.jpg&#8221; parallax=&#8221;on&#8221; custom_margin=&#8221;||-90px|&#8221; custom_padding=&#8221;0|0px|54px|0px&#8221; filter_opacity=&#8221;90%&#8221; custom_css_main_element=&#8221;height: 82vh;&#8221;][et_pb_row custom_padding=&#8221;6.6%|0px|169px|0px&#8221; use_background_color_gradient_1=&#8221;off&#8221; background_color_gradient_start_1=&#8221;rgba(0,0,0,0.6)&#8221; background_color_gradient_end_1=&#8221;rgba(0,0,0,0.14)&#8221; background_color_gradient_direction_1=&#8221;90deg&#8221; background_color_gradient_start_position_1=&#8221;18%&#8221; background_color_gradient_end_position_1=&#8221;100%&#8221; background_color_gradient_overlays_image_1=&#8221;off&#8221; _builder_version=&#8221;3.0.106&#8243; use_background_color_gradient=&#8221;on&#8221; background_color_gradient_start=&#8221;rgba(0,0,0,0.34)&#8221; background_color_gradient_end=&#8221;rgba(0,0,0,0.68)&#8221; background_color_gradient_direction=&#8221;203deg&#8221;][et_pb_column type=&#8221;2_3&#8243; _builder_version=&#8221;3.0.47&#8243; parallax=&#8221;off&#8221; parallax_method=&#8221;on&#8221; use_background_color_gradient=&#8221;off&#8221; background_color_gradient_start=&#8221;rgba(0,0,0,0.6)&#8221; background_color_gradient_end=&#8221;rgba(0,0,0,0.14)&#8221; background_color_gradient_direction=&#8221;90deg&#8221; background_color_gradient_start_position=&#8221;18%&#8221; background_color_gradient_end_position=&#8221;100%&#8221; background_color_gradient_overlays_image=&#8221;off&#8221;][et_pb_text background_layout=&#8221;dark&#8221; _builder_version=&#8221;3.0.106&#8243; text_font=&#8221;Montserrat|100||on|||||&#8221; text_font_size=&#8221;80px&#8221; text_font_size_tablet=&#8221;60px&#8221; text_font_size_phone=&#8221;35px&#8221; text_font_size_last_edited=&#8221;on|tablet&#8221; header_font=&#8221;||||||||&#8221; custom_margin=&#8221;|||50px&#8221; custom_margin_phone=&#8221;50px||0px|44px&#8221; custom_margin_last_edited=&#8221;on|desktop&#8221; custom_padding=&#8221;||30px|0px&#8221; animation_style=&#8221;fold&#8221; animation_direction=&#8221;left&#8221;]Akademickie<br \/>\n[\/et_pb_text][et_pb_text background_layout=&#8221;dark&#8221; _builder_version=&#8221;3.0.106&#8243; text_font=&#8221;Montserrat|100||on|||||&#8221; text_font_size=&#8221;80px&#8221; text_font_size_tablet=&#8221;60px&#8221; text_font_size_phone=&#8221;35px&#8221; text_font_size_last_edited=&#8221;on|phone&#8221; custom_margin=&#8221;|||41px&#8221; custom_margin_tablet=&#8221;|||&#8221; custom_margin_phone=&#8221;||0px|40px&#8221; custom_margin_last_edited=&#8221;on|tablet&#8221; custom_padding=&#8221;||30px|&#8221; animation_style=&#8221;fold&#8221; animation_direction=&#8221;left&#8221; animation_duration=&#8221;1900ms&#8221;]Biuro<br \/>\n[\/et_pb_text][et_pb_text background_layout=&#8221;dark&#8221; _builder_version=&#8221;3.0.106&#8243; text_font=&#8221;Montserrat|100||on|||||&#8221; text_font_size=&#8221;80px&#8221; text_font_size_tablet=&#8221;60px&#8221; text_font_size_phone=&#8221;35px&#8221; text_font_size_last_edited=&#8221;on|tablet&#8221; header_font=&#8221;||||||||&#8221; custom_margin=&#8221;|||40px&#8221; custom_padding=&#8221;|||&#8221; animation_style=&#8221;fold&#8221; animation_direction=&#8221;left&#8221; animation_duration=&#8221;1450ms&#8221;]Karier<br \/>\n[\/et_pb_text][et_pb_text background_layout=&#8221;dark&#8221; _builder_version=&#8221;3.0.106&#8243; text_font=&#8221;Montserrat|300|||||||&#8221; text_font_size=&#8221;20px&#8221; text_font_size_phone=&#8221;12px&#8221; text_font_size_last_edited=&#8221;on|desktop&#8221; text_line_height=&#8221;1.5em&#8221; custom_margin=&#8221;|||44px&#8221; custom_padding=&#8221;|||&#8221; animation_style=&#8221;slide&#8221; animation_direction=&#8221;bottom&#8221; animation_duration=&#8221;2000ms&#8221; animation_delay=&#8221;400ms&#8221; animation_intensity_slide=&#8221;35%&#8221;]Wy\u017cszej Szko\u0142y Przedsi\u0119biorczosci<br \/>\ni Administracji w Lublinie<br \/>\n[\/et_pb_text][\/et_pb_column][et_pb_column type=&#8221;1_3&#8243; _builder_version=&#8221;3.0.47&#8243; parallax=&#8221;off&#8221; parallax_method=&#8221;on&#8221;][et_pb_image src=&#8221;https:\/\/abk.wspa.pl\/wp-content\/uploads\/2023\/01\/WSPA-Logotyp-25-lecie-sygnet-szaro-czerwony.jpg&#8221; show_bottom_space=&#8221;off&#8221; align=&#8221;center&#8221; always_center_on_mobile=&#8221;off&#8221; _builder_version=&#8221;3.0.106&#8243; max_width_tablet=&#8221;0%&#8221; max_width_phone=&#8221;45%&#8221; max_width_last_edited=&#8221;on|tablet&#8221; module_alignment=&#8221;center&#8221; custom_margin=&#8221;0px|||&#8221; custom_padding=&#8221;|||&#8221; filter_opacity=&#8221;75%&#8221; animation_style=&#8221;roll&#8221; animation_duration=&#8221;1700ms&#8221; animation_intensity_roll=&#8221;71%&#8221;][\/et_pb_image][\/et_pb_column][\/et_pb_row][et_pb_row use_custom_width=&#8221;on&#8221; use_custom_gutter=&#8221;on&#8221; gutter_width=&#8221;4&#8243; custom_padding=&#8221;0.8%|0px|95px|0px&#8221; _builder_version=&#8221;3.0.106&#8243;][et_pb_column type=&#8221;1_2&#8243; _builder_version=&#8221;3.0.47&#8243; parallax=&#8221;off&#8221; parallax_method=&#8221;on&#8221;][\/et_pb_column][et_pb_column type=&#8221;1_2&#8243; _builder_version=&#8221;3.0.47&#8243; parallax=&#8221;off&#8221; parallax_method=&#8221;on&#8221;][\/et_pb_column][\/et_pb_row][\/et_pb_section][et_pb_section fb_built=&#8221;1&#8243; disabled_on=&#8221;on|on|off&#8221; _builder_version=&#8221;3.0.106&#8243; custom_padding=&#8221;0|0px|0|0px&#8221; custom_css_main_element=&#8221;height:10vh;&#8221;][et_pb_row use_custom_width=&#8221;on&#8221; width_unit=&#8221;off&#8221; custom_width_percent=&#8221;100%&#8221; custom_padding=&#8221;22px|0px|22px|0px&#8221; _builder_version=&#8221;3.0.106&#8243; border_color_bottom=&#8221;rgba(0,0,0,0.29)&#8221; module_alignment=&#8221;center&#8221; custom_css_main_element=&#8221;||&#8221;][et_pb_column type=&#8221;4_4&#8243; _builder_version=&#8221;3.0.47&#8243; parallax=&#8221;off&#8221; parallax_method=&#8221;on&#8221;][et_pb_image src=&#8221;http:\/\/abk.wspa.pl\/wp-content\/uploads\/2018\/11\/FE_POWER_poziom_pl-1_rgb.png&#8221; align=&#8221;center&#8221; _builder_version=&#8221;3.0.106&#8243; max_width=&#8221;40%&#8221; custom_margin=&#8221;|||&#8221; custom_padding=&#8221;|||&#8221;][\/et_pb_image][\/et_pb_column][\/et_pb_row][\/et_pb_section][et_pb_section fb_built=&#8221;1&#8243; disabled_on=&#8221;off|off|on&#8221; _builder_version=&#8221;3.0.106&#8243; custom_padding=&#8221;0|0px|0|0px&#8221;][et_pb_row use_custom_width=&#8221;on&#8221; width_unit=&#8221;off&#8221; custom_width_percent=&#8221;100%&#8221; custom_padding=&#8221;22px|0px|22px|0px&#8221; _builder_version=&#8221;3.0.106&#8243; border_color_bottom=&#8221;rgba(0,0,0,0.29)&#8221; module_alignment=&#8221;center&#8221; custom_css_main_element=&#8221;||&#8221;][et_pb_column type=&#8221;4_4&#8243; _builder_version=&#8221;3.0.47&#8243; parallax=&#8221;off&#8221; parallax_method=&#8221;on&#8221;][et_pb_image src=&#8221;http:\/\/abk.wspa.pl\/wp-content\/uploads\/2018\/11\/FE_POWER_poziom_pl-1_rgb.png&#8221; align=&#8221;center&#8221; _builder_version=&#8221;3.0.106&#8243; max_width=&#8221;79%&#8221; module_alignment=&#8221;center&#8221; custom_margin=&#8221;|||&#8221; custom_padding=&#8221;|||&#8221;][\/et_pb_image][\/et_pb_column][\/et_pb_row][\/et_pb_section][et_pb_section fb_built=&#8221;1&#8243; module_id=&#8221;news&#8221; custom_padding_last_edited=&#8221;on|desktop&#8221; _builder_version=&#8221;3.0.106&#8243; background_position=&#8221;bottom_center&#8221; custom_padding=&#8221;140px|0px|0|0px&#8221; custom_padding_phone=&#8221;80px|0px|0|0px&#8221; top_divider_color=&#8221;rgba(0,0,0,0.06)&#8221; top_divider_height=&#8221;59px&#8221; top_divider_arrangement=&#8221;above_content&#8221;][et_pb_row custom_padding=&#8221;0|0px|0|0px&#8221; _builder_version=&#8221;3.0.106&#8243;][et_pb_column type=&#8221;4_4&#8243; _builder_version=&#8221;3.0.47&#8243; parallax=&#8221;off&#8221; parallax_method=&#8221;on&#8221;][et_pb_text _builder_version=&#8221;3.0.106&#8243; text_font=&#8221;||||||||&#8221; text_font_size_phone=&#8221;14px&#8221; text_font_size_last_edited=&#8221;off|desktop&#8221; header_font=&#8221;Montserrat|300||on|||||&#8221; header_font_size=&#8221;35px&#8221; header_font_size_phone=&#8221;25px&#8221; header_font_size_last_edited=&#8221;on|tablet&#8221; header_text_color=&#8221;#000000&#8243; header_letter_spacing=&#8221;2px&#8221; header_2_font=&#8221;||||||||&#8221; animation_direction=&#8221;left&#8221;]<\/p>\n<h1>Aktualno\u015bci<\/h1>\n<p>[\/et_pb_text][et_pb_divider color=&#8221;#000000&#8243; show_divider=&#8221;on&#8221; _builder_version=&#8221;3.0.106&#8243;][\/et_pb_divider][\/et_pb_column][\/et_pb_row][et_pb_row _builder_version=&#8221;3.0.47&#8243; background_size=&#8221;initial&#8221; background_position=&#8221;top_left&#8221; background_repeat=&#8221;repeat&#8221;][et_pb_column type=&#8221;4_4&#8243; _builder_version=&#8221;3.0.47&#8243; parallax=&#8221;off&#8221; parallax_method=&#8221;on&#8221;][et_pb_blog fullwidth=&#8221;off&#8221; posts_number=&#8221;6&#8243; include_categories=&#8221;5&#8243; show_author=&#8221;off&#8221; show_categories=&#8221;off&#8221; offset_number=&#8221;0&#8243; _builder_version=&#8221;3.0.106&#8243; header_font=&#8221;Montserrat||||||||&#8221; header_line_height=&#8221;2.2em&#8221; body_font=&#8221;Montserrat|300|||||||&#8221; animation_direction=&#8221;bottom&#8221;][\/et_pb_blog][\/et_pb_column][\/et_pb_row][\/et_pb_section][et_pb_section fb_built=&#8221;1&#8243; background_color=&#8221;rgba(255,255,255,0.84)&#8221; disabled_on=&#8221;on|off|off&#8221; _builder_version=&#8221;3.0.106&#8243; background_color_gradient_direction=&#8221;226deg&#8221; background_image=&#8221;http:\/\/abk.wspa.pl\/wp-content\/uploads\/2018\/11\/pexels-photo-459654.jpeg&#8221; background_blend=&#8221;overlay&#8221; border_color_all=&#8221;rgba(51,51,51,0.21)&#8221; border_width_top=&#8221;1px&#8221; border_color_top=&#8221;rgba(0,0,0,0.1)&#8221; custom_padding=&#8221;0|0px|38px|0px&#8221;][et_pb_row custom_padding=&#8221;0|0px|0|0px&#8221; _builder_version=&#8221;3.0.106&#8243;][et_pb_column type=&#8221;1_3&#8243; _builder_version=&#8221;3.0.47&#8243; parallax=&#8221;off&#8221; parallax_method=&#8221;on&#8221;][et_pb_text _builder_version=&#8221;3.0.106&#8243; text_font=&#8221;|600|||||||&#8221; text_font_size=&#8221;13px&#8221; header_4_font=&#8221;|600|||||||&#8221; header_4_text_align=&#8221;left&#8221; header_4_text_color=&#8221;#e02b20&#8243; custom_margin=&#8221;55px|||&#8221;]<\/p>\n<h4 class=\"et_pb_module_header\">Akademickie Biuro Karier<\/h4>\n<div class=\"et_pb_blurb_description\">\n<p>ul. Bursaki 12, 20-150 Lublin, Polska<br \/>\npok\u00f3j nr 200 \u2013 pi\u0119tro II<\/p>\n<\/div>\n<p>[\/et_pb_text][\/et_pb_column][et_pb_column type=&#8221;1_3&#8243; _builder_version=&#8221;3.0.47&#8243; parallax=&#8221;off&#8221; parallax_method=&#8221;on&#8221;][et_pb_text _builder_version=&#8221;3.0.106&#8243; text_font=&#8221;|600|||||||&#8221; text_font_size=&#8221;13px&#8221; header_font=&#8221;||||||||&#8221; header_4_font=&#8221;||||||||&#8221; header_4_text_align=&#8221;left&#8221; header_4_text_color=&#8221;#e02b20&#8243; custom_margin=&#8221;55px|||&#8221;]tel. 81 45 29 439,<br \/>\ne-mail: biurokarier@wspa.pl<br \/>\n[\/et_pb_text][\/et_pb_column][et_pb_column type=&#8221;1_3&#8243; _builder_version=&#8221;3.0.47&#8243; parallax=&#8221;off&#8221; parallax_method=&#8221;on&#8221;][et_pb_image src=&#8221;https:\/\/abk.wspa.pl\/wp-content\/uploads\/2023\/01\/WSPA-Logotyp-25-lecie-szaro-czerwone.png&#8221; url=&#8221;http:\/\/www.wspa.pl&#8221; url_new_window=&#8221;on&#8221; show_bottom_space=&#8221;off&#8221; _builder_version=&#8221;3.0.106&#8243; max_width=&#8221;65%&#8221; module_alignment=&#8221;left&#8221; custom_margin=&#8221;27px|||&#8221; custom_padding=&#8221;|||&#8221;][\/et_pb_image][\/et_pb_column][\/et_pb_row][\/et_pb_section][et_pb_section fb_built=&#8221;1&#8243; background_color=&#8221;rgba(255,255,255,0.84)&#8221; disabled_on=&#8221;off|off|on&#8221; custom_padding_last_edited=&#8221;off|desktop&#8221; _builder_version=&#8221;3.0.106&#8243; background_color_gradient_direction=&#8221;226deg&#8221; background_image=&#8221;http:\/\/abk.wspa.pl\/wp-content\/uploads\/2018\/11\/pexels-photo-459654.jpeg&#8221; background_blend=&#8221;overlay&#8221; border_color_all=&#8221;rgba(51,51,51,0.21)&#8221; border_width_top=&#8221;1px&#8221; border_color_top=&#8221;rgba(0,0,0,0.1)&#8221; custom_margin=&#8221;|||&#8221; custom_padding=&#8221;0|0px|0|0px&#8221; custom_padding_phone=&#8221;0|0px||0px&#8221;][et_pb_row custom_padding=&#8221;0|0px|0|0px&#8221; _builder_version=&#8221;3.0.106&#8243;][et_pb_column type=&#8221;4_4&#8243; _builder_version=&#8221;3.0.47&#8243; parallax=&#8221;off&#8221; parallax_method=&#8221;on&#8221;][et_pb_text _builder_version=&#8221;3.0.106&#8243; text_font_size=&#8221;13px&#8221; header_4_text_align=&#8221;left&#8221; header_4_text_color=&#8221;#e02b20&#8243; custom_margin=&#8221;55px|||&#8221;]<\/p>\n<h4 class=\"et_pb_module_header\">Akademickie Biuro Karier<\/h4>\n<div class=\"et_pb_blurb_description\">\n<p>ul. Bursaki 12, 20-150 Lublin, Polska<br \/>\npok\u00f3j nr 200 \u2013 pi\u0119tro II<\/p>\n<p>tel. 81 45 29 439<br \/>\ne-mail: <a href=\"mailto:biurokarier@wspa.pl\">biurokarier@wspa.pl<\/a><\/p>\n<\/div>\n<p>[\/et_pb_text][\/et_pb_column][\/et_pb_row][\/et_pb_section]<\/p>\n","protected":false},"excerpt":{"rendered":"<p>[et_pb_section fb_built=&#8221;1&#8243; disabled_on=&#8221;on|on|off&#8221; _builder_version=&#8221;3.0.106&#8243; background_image=&#8221;http:\/\/abk.wspa.pl\/wp-content\/uploads\/2018\/12\/glowne2.jpg&#8221; parallax=&#8221;on&#8221; custom_margin=&#8221;||-90px|&#8221; custom_padding=&#8221;0|0px|54px|0px&#8221; filter_opacity=&#8221;90%&#8221; custom_css_main_element=&#8221;height: 90vh;&#8221;][et_pb_row custom_padding=&#8221;6.6%|0px|5px|0px&#8221; use_background_color_gradient_1=&#8221;off&#8221; background_color_gradient_start_1=&#8221;rgba(0,0,0,0.6)&#8221; background_color_gradient_end_1=&#8221;rgba(0,0,0,0.14)&#8221; background_color_gradient_direction_1=&#8221;90deg&#8221; background_color_gradient_start_position_1=&#8221;18%&#8221; background_color_gradient_end_position_1=&#8221;100%&#8221; background_color_gradient_overlays_image_1=&#8221;off&#8221; _builder_version=&#8221;3.0.106&#8243; use_background_color_gradient=&#8221;on&#8221; background_color_gradient_start=&#8221;rgba(0,0,0,0.34)&#8221; background_color_gradient_end=&#8221;rgba(0,0,0,0.68)&#8221; background_color_gradient_direction=&#8221;203deg&#8221;][et_pb_column type=&#8221;2_3&#8243; _builder_version=&#8221;3.0.47&#8243; parallax=&#8221;off&#8221; parallax_method=&#8221;on&#8221; use_background_color_gradient=&#8221;off&#8221; background_color_gradient_start=&#8221;rgba(0,0,0,0.6)&#8221; background_color_gradient_end=&#8221;rgba(0,0,0,0.14)&#8221; background_color_gradient_direction=&#8221;90deg&#8221; background_color_gradient_start_position=&#8221;18%&#8221; background_color_gradient_end_position=&#8221;100%&#8221; background_color_gradient_overlays_image=&#8221;off&#8221;][et_pb_text background_layout=&#8221;dark&#8221; _builder_version=&#8221;3.0.106&#8243; text_font=&#8221;Montserrat|100||on|||||&#8221; text_font_size=&#8221;80px&#8221; text_font_size_tablet=&#8221;60px&#8221; text_font_size_phone=&#8221;35px&#8221; text_font_size_last_edited=&#8221;on|tablet&#8221; header_font=&#8221;||||||||&#8221; custom_margin=&#8221;|||50px&#8221; custom_margin_phone=&#8221;50px||0px|44px&#8221; custom_margin_last_edited=&#8221;on|desktop&#8221; custom_padding=&#8221;||30px|0px&#8221; animation_style=&#8221;fold&#8221; animation_direction=&#8221;left&#8221;] Centrum [\/et_pb_text][et_pb_text background_layout=&#8221;dark&#8221; _builder_version=&#8221;3.0.106&#8243; text_font=&#8221;Montserrat|100||on|||||&#8221; text_font_size=&#8221;80px&#8221; [&hellip;]<\/p>\n","protected":false},"author":7,"featured_media":0,"parent":0,"menu_order":0,"comment_status":"closed","ping_status":"closed","template":"","meta":{"footnotes":"","_links_to":"","_links_to_target":""},"_links":{"self":[{"href":"https:\/\/abk.wspa.pl\/index.php\/wp-json\/wp\/v2\/pages\/56"}],"collection":[{"href":"https:\/\/abk.wspa.pl\/index.php\/wp-json\/wp\/v2\/pages"}],"about":[{"href":"https:\/\/abk.wspa.pl\/index.php\/wp-json\/wp\/v2\/types\/page"}],"author":[{"embeddable":true,"href":"https:\/\/abk.wspa.pl\/index.php\/wp-json\/wp\/v2\/users\/7"}],"replies":[{"embeddable":true,"href":"https:\/\/abk.wspa.pl\/index.php\/wp-json\/wp\/v2\/comments?post=56"}],"version-history":[{"count":71,"href":"https:\/\/abk.wspa.pl\/index.php\/wp-json\/wp\/v2\/pages\/56\/revisions"}],"predecessor-version":[{"id":8987,"href":"https:\/\/abk.wspa.pl\/index.php\/wp-json\/wp\/v2\/pages\/56\/revisions\/8987"}],"wp:attachment":[{"href":"https:\/\/abk.wspa.pl\/index.php\/wp-json\/wp\/v2\/media?parent=56"}],"curies":[{"name":"wp","href":"https:\/\/api.w.org\/{rel}","templated":true}]}}