{"id":35,"date":"2018-09-14T17:08:42","date_gmt":"2018-09-14T15:08:42","guid":{"rendered":"http:\/\/lukaszabramczuk.com\/wspa\/?page_id=35"},"modified":"2023-01-26T12:14:46","modified_gmt":"2023-01-26T11:14:46","slug":"pracodawcy","status":"publish","type":"page","link":"https:\/\/abk.wspa.pl\/index.php\/pl\/pracodawcy\/","title":{"rendered":"Pracodawcy"},"content":{"rendered":"<p>[et_pb_section fb_built=&#8221;1&#8243; _builder_version=&#8221;3.0.106&#8243; custom_padding=&#8221;0|0px|2px|0px&#8221;][et_pb_row custom_padding=&#8221;80px|0px|21px|0px&#8221; _builder_version=&#8221;3.0.106&#8243;][et_pb_column type=&#8221;4_4&#8243; _builder_version=&#8221;3.0.47&#8243; parallax=&#8221;off&#8221; parallax_method=&#8221;on&#8221;][et_pb_text _builder_version=&#8221;3.0.106&#8243; text_font=&#8221;Montserrat|300||on|||||&#8221; text_font_size=&#8221;30px&#8221; text_font_size_phone=&#8221;25px&#8221; text_font_size_last_edited=&#8221;on|desktop&#8221; header_font=&#8221;||||||||&#8221;]<\/p>\n<p style=\"text-align: center;\">Szanowni pa\u0144stwo:<\/p>\n<p>[\/et_pb_text][\/et_pb_column][\/et_pb_row][et_pb_row custom_padding=&#8221;0|30px|30px|30px&#8221; custom_padding_phone=&#8221;0|0px|30px|0px&#8221; custom_padding_last_edited=&#8221;on|desktop&#8221; _builder_version=&#8221;3.0.106&#8243;][et_pb_column type=&#8221;1_2&#8243; _builder_version=&#8221;3.0.47&#8243; parallax=&#8221;off&#8221; parallax_method=&#8221;on&#8221;][et_pb_blurb icon_color=&#8221;#e02b20&#8243; image=&#8221;http:\/\/abk.wspa.pl\/wp-content\/uploads\/2018\/11\/samo.png&#8221; icon_placement=&#8221;left&#8221; _builder_version=&#8221;3.0.106&#8243; header_font=&#8221;||||||||&#8221; body_font=&#8221;||||||||&#8221; body_font_size=&#8221;15px&#8221; body_font_size_last_edited=&#8221;on|desktop&#8221; body_line_height=&#8221;1.9em&#8221; border_radii=&#8221;|30px|||&#8221; custom_margin=&#8221;|||&#8221; custom_padding=&#8221;20px|20px|20px|20px&#8221; custom_padding_phone=&#8221;20px|0px|0px|0px&#8221; custom_padding_last_edited=&#8221;on|desktop&#8221; animation_style=&#8221;slide&#8221; animation_direction=&#8221;left&#8221; animation_intensity_slide=&#8221;6%&#8221; animation=&#8221;off&#8221;]Biuro Karier WSPA wsp\u00f3\u0142pracuje z r\u00f3\u017cnymi Pracodawcami celem u\u0142atwienia naszym Studentom \u201epierwszych krok\u00f3w\u201d w karierze zawodowej.<br \/>\n[\/et_pb_blurb][\/et_pb_column][et_pb_column type=&#8221;1_2&#8243; _builder_version=&#8221;3.0.47&#8243; parallax=&#8221;off&#8221; parallax_method=&#8221;on&#8221;][et_pb_blurb icon_color=&#8221;#e02b20&#8243; image=&#8221;http:\/\/abk.wspa.pl\/wp-content\/uploads\/2018\/11\/samo.png&#8221; icon_placement=&#8221;left&#8221; _builder_version=&#8221;3.0.106&#8243; header_font=&#8221;||||||||&#8221; body_font=&#8221;||||||||&#8221; body_font_size=&#8221;15px&#8221; body_font_size_last_edited=&#8221;on|desktop&#8221; body_line_height=&#8221;1.9em&#8221; border_radii=&#8221;|||30px|&#8221; custom_margin=&#8221;|||&#8221; custom_margin_last_edited=&#8221;on|desktop&#8221; custom_padding=&#8221;|0px|0px|0px&#8221; animation_style=&#8221;slide&#8221; animation_direction=&#8221;bottom&#8221; animation_intensity_slide=&#8221;6%&#8221; animation=&#8221;off&#8221;]Poni\u017cej przedstawimy ofert\u0119, z kt\u00f3rej mo\u017cecie Drodzy Pracodawcy skorzysta\u0107.<br \/>\n[\/et_pb_blurb][\/et_pb_column][\/et_pb_row][\/et_pb_section][et_pb_section fb_built=&#8221;1&#8243; background_color=&#8221;rgba(0,0,0,0.05)&#8221; prev_background_color=&#8221;#ffffff&#8221; next_background_color=&#8221;#ffffff&#8221; _builder_version=&#8221;3.0.106&#8243; custom_padding=&#8221;0|0px|64px|0px&#8221; top_divider_style=&#8221;arrow3&#8243; bottom_divider_style=&#8221;arrow2&#8243; bottom_divider_flip=&#8221;vertical&#8221;][et_pb_row custom_padding=&#8221;170px|0px|21px|0px&#8221; _builder_version=&#8221;3.0.106&#8243;][et_pb_column type=&#8221;4_4&#8243; _builder_version=&#8221;3.0.47&#8243; parallax=&#8221;off&#8221; parallax_method=&#8221;on&#8221;][et_pb_text _builder_version=&#8221;3.0.106&#8243; text_font=&#8221;Montserrat|300||on|||||&#8221; text_font_size=&#8221;30px&#8221; text_font_size_phone=&#8221;25px&#8221; text_font_size_last_edited=&#8221;on|desktop&#8221; text_line_height_phone=&#8221;2em&#8221; text_line_height_last_edited=&#8221;on|desktop&#8221; header_font=&#8221;||||||||&#8221;]<\/p>\n<p style=\"text-align: center;\">Mo\u017cemy w spos\u00f3b bezp\u0142atny pom\u00f3c Pa\u0144stwu:<\/p>\n<p>[\/et_pb_text][\/et_pb_column][\/et_pb_row][et_pb_row custom_padding=&#8221;51px|50px|80px|50px&#8221; custom_margin=&#8221;|||&#8221; _builder_version=&#8221;3.0.106&#8243; border_color_all=&#8221;rgba(0,0,0,0.15)&#8221;][et_pb_column type=&#8221;1_4&#8243; _builder_version=&#8221;3.0.47&#8243; parallax=&#8221;off&#8221; parallax_method=&#8221;on&#8221;][et_pb_blurb use_icon=&#8221;on&#8221; font_icon=&#8221;%%258%%&#8221; icon_color=&#8221;#e02b20&#8243; use_icon_font_size=&#8221;on&#8221; icon_font_size_last_edited=&#8221;on|desktop&#8221; icon_font_size=&#8221;65px&#8221; icon_font_size_phone=&#8221;60px&#8221; _builder_version=&#8221;3.0.106&#8243; header_font=&#8221;||||||||&#8221; body_font=&#8221;||||||||&#8221; body_font_size_phone=&#8221;12px&#8221; body_font_size_last_edited=&#8221;on|desktop&#8221; body_text_color=&#8221;rgba(0,0,0,0.8)&#8221; custom_padding_phone=&#8221;||30px|&#8221; custom_padding_last_edited=&#8221;on|desktop&#8221;]<\/p>\n<p style=\"text-align: center;\">w znalezieniu kandydata<br \/>\nz WSPA o odpowiednich kwalifikacjach do pracy, praktyki, czy sta\u017cu<\/p>\n<p>[\/et_pb_blurb][\/et_pb_column][et_pb_column type=&#8221;1_4&#8243; _builder_version=&#8221;3.0.47&#8243; parallax=&#8221;off&#8221; parallax_method=&#8221;on&#8221;][et_pb_blurb use_icon=&#8221;on&#8221; font_icon=&#8221;%%208%%&#8221; icon_color=&#8221;#e02b20&#8243; use_icon_font_size=&#8221;on&#8221; icon_font_size_last_edited=&#8221;on|desktop&#8221; icon_font_size=&#8221;65px&#8221; icon_font_size_phone=&#8221;60px&#8221; _builder_version=&#8221;3.0.106&#8243; body_font=&#8221;||||||||&#8221; body_font_size_phone=&#8221;12px&#8221; body_font_size_last_edited=&#8221;on|desktop&#8221; body_text_color=&#8221;rgba(0,0,0,0.8)&#8221; custom_margin_phone=&#8221;||39px|&#8221; custom_margin_last_edited=&#8221;on|desktop&#8221;]<\/p>\n<p style=\"text-align: center;\">zamie\u015bci\u0107 ofert\u0119 pracy, sta\u017cu, praktyki, wolontariatu<\/p>\n<p>[\/et_pb_blurb][\/et_pb_column][et_pb_column type=&#8221;1_4&#8243; _builder_version=&#8221;3.0.47&#8243; parallax=&#8221;off&#8221; parallax_method=&#8221;on&#8221;][et_pb_blurb use_icon=&#8221;on&#8221; font_icon=&#8221;%%176%%&#8221; icon_color=&#8221;#e02b20&#8243; use_icon_font_size=&#8221;on&#8221; icon_font_size_last_edited=&#8221;on|desktop&#8221; icon_font_size=&#8221;65px&#8221; icon_font_size_phone=&#8221;60px&#8221; _builder_version=&#8221;3.0.106&#8243; body_font=&#8221;||||||||&#8221; body_font_size_phone=&#8221;12px&#8221; body_font_size_last_edited=&#8221;on|desktop&#8221; body_text_color=&#8221;rgba(0,0,0,0.8)&#8221; custom_padding_phone=&#8221;||30px|&#8221; custom_padding_last_edited=&#8221;on|desktop&#8221;]<\/p>\n<p style=\"text-align: center;\">zorganizowa\u0107 na naszej Uczelni Gie\u0142d\u0119 Pracy<\/p>\n<p>[\/et_pb_blurb][\/et_pb_column][et_pb_column type=&#8221;1_4&#8243; _builder_version=&#8221;3.0.47&#8243; parallax=&#8221;off&#8221; parallax_method=&#8221;on&#8221;][et_pb_blurb use_icon=&#8221;on&#8221; font_icon=&#8221;%%259%%&#8221; icon_color=&#8221;#e02b20&#8243; use_icon_font_size=&#8221;on&#8221; icon_font_size=&#8221;65px&#8221; _builder_version=&#8221;3.0.106&#8243; header_font=&#8221;||||||||&#8221; body_font=&#8221;||||||||&#8221; body_text_color=&#8221;rgba(0,0,0,0.8)&#8221;]<\/p>\n<p style=\"text-align: center;\">zorganizowa\u0107 spotkanie<br \/>\nz naszymi Studentami celem zapoznania ich z Pa\u0144stwa dzia\u0142alno\u015bci\u0105<\/p>\n<p>[\/et_pb_blurb][\/et_pb_column][\/et_pb_row][\/et_pb_section][et_pb_section fb_built=&#8221;1&#8243; _builder_version=&#8221;3.0.106&#8243; custom_padding=&#8221;25px|0px|55px|0px&#8221;][et_pb_row _builder_version=&#8221;3.0.106&#8243;][et_pb_column type=&#8221;4_4&#8243; _builder_version=&#8221;3.0.47&#8243; parallax=&#8221;off&#8221; parallax_method=&#8221;on&#8221;][et_pb_text _builder_version=&#8221;3.0.106&#8243; text_font=&#8221;||||||||&#8221; text_font_size=&#8221;21px&#8221; text_font_size_phone=&#8221;17px&#8221; text_font_size_last_edited=&#8221;on|desktop&#8221; header_font=&#8221;Montserrat||||||||&#8221;]<\/p>\n<p style=\"text-align: center;\">Gdyby\u015bcie Pa\u0144stwo mieli jakie\u015b pytania, uwagi to prosimy o kontakt z Biurem Karier.<\/p>\n<p>[\/et_pb_text][\/et_pb_column][\/et_pb_row][\/et_pb_section][et_pb_section fb_built=&#8221;1&#8243; background_color=&#8221;rgba(255,255,255,0.84)&#8221; disabled_on=&#8221;on|off|off&#8221; _builder_version=&#8221;3.0.106&#8243; background_color_gradient_direction=&#8221;226deg&#8221; background_image=&#8221;http:\/\/abk.wspa.pl\/wp-content\/uploads\/2018\/11\/pexels-photo-459654.jpeg&#8221; background_blend=&#8221;overlay&#8221; border_color_all=&#8221;rgba(51,51,51,0.21)&#8221; border_width_top=&#8221;1px&#8221; border_color_top=&#8221;rgba(0,0,0,0.1)&#8221; custom_padding=&#8221;0|0px|38px|0px&#8221;][et_pb_row custom_padding=&#8221;0|0px|0|0px&#8221; _builder_version=&#8221;3.0.106&#8243;][et_pb_column type=&#8221;1_3&#8243; _builder_version=&#8221;3.0.47&#8243; parallax=&#8221;off&#8221; parallax_method=&#8221;on&#8221;][et_pb_text _builder_version=&#8221;3.0.106&#8243; text_font=&#8221;|600|||||||&#8221; text_font_size=&#8221;13px&#8221; header_4_font=&#8221;|600|||||||&#8221; header_4_text_align=&#8221;left&#8221; header_4_text_color=&#8221;#e02b20&#8243; custom_margin=&#8221;55px|||&#8221;]<\/p>\n<h4 class=\"et_pb_module_header\">Akademickie Biuro Karier<\/h4>\n<div class=\"et_pb_blurb_description\">\n<p>ul. Bursaki 12, 20-150 Lublin, Polska<br \/> pok\u00f3j nr 115 \u2013 pi\u0119tro I<\/p>\n<\/div>\n<p>[\/et_pb_text][\/et_pb_column][et_pb_column type=&#8221;1_3&#8243; _builder_version=&#8221;3.0.47&#8243; parallax=&#8221;off&#8221; parallax_method=&#8221;on&#8221;][et_pb_text _builder_version=&#8221;3.0.106&#8243; text_font=&#8221;|600|||||||&#8221; text_font_size=&#8221;13px&#8221; header_font=&#8221;||||||||&#8221; header_4_font=&#8221;||||||||&#8221; header_4_text_align=&#8221;left&#8221; header_4_text_color=&#8221;#e02b20&#8243; custom_margin=&#8221;55px|||&#8221;]tel. 81 45 29 439,<br \/>\ne-mail: biurokarier@wspa.pl<br \/>\n[\/et_pb_text][\/et_pb_column][et_pb_column type=&#8221;1_3&#8243; _builder_version=&#8221;3.0.47&#8243; parallax=&#8221;off&#8221; parallax_method=&#8221;on&#8221;][et_pb_image src=&#8221;https:\/\/abk.wspa.pl\/wp-content\/uploads\/2023\/01\/WSPA-Logotyp-25-lecie-szaro-czerwone.png&#8221; url=&#8221;http:\/\/www.wspa.pl&#8221; url_new_window=&#8221;on&#8221; show_bottom_space=&#8221;off&#8221; _builder_version=&#8221;3.0.106&#8243; max_width=&#8221;65%&#8221; module_alignment=&#8221;left&#8221; custom_margin=&#8221;27px|||&#8221; custom_padding=&#8221;|||&#8221;]\u00a0<br \/>\n[\/et_pb_image][\/et_pb_column][\/et_pb_row][\/et_pb_section][et_pb_section fb_built=&#8221;1&#8243; background_color=&#8221;rgba(255,255,255,0.84)&#8221; disabled_on=&#8221;off|off|on&#8221; custom_padding_last_edited=&#8221;off|desktop&#8221; _builder_version=&#8221;3.0.106&#8243; background_color_gradient_direction=&#8221;226deg&#8221; background_image=&#8221;http:\/\/abk.wspa.pl\/wp-content\/uploads\/2018\/11\/pexels-photo-459654.jpeg&#8221; background_blend=&#8221;overlay&#8221; border_color_all=&#8221;rgba(51,51,51,0.21)&#8221; border_width_top=&#8221;1px&#8221; border_color_top=&#8221;rgba(0,0,0,0.1)&#8221; custom_margin=&#8221;|||&#8221; custom_padding=&#8221;0|0px|0|0px&#8221; custom_padding_phone=&#8221;0|0px||0px&#8221;][et_pb_row custom_padding=&#8221;0|0px|0|0px&#8221; _builder_version=&#8221;3.0.106&#8243;][et_pb_column type=&#8221;4_4&#8243; _builder_version=&#8221;3.0.47&#8243; parallax=&#8221;off&#8221; parallax_method=&#8221;on&#8221;][et_pb_text _builder_version=&#8221;3.0.106&#8243; text_font_size=&#8221;13px&#8221; header_4_text_align=&#8221;left&#8221; header_4_text_color=&#8221;#e02b20&#8243; custom_margin=&#8221;55px|||&#8221;]<\/p>\n<h4 class=\"et_pb_module_header\">Akademickie Biuro Karier<\/h4>\n<div class=\"et_pb_blurb_description\">\n<p>ul. Bursaki 12, 20-150 Lublin, Polska<br \/>\npok\u00f3j nr 212 \u2013 pi\u0119tro II<\/p>\n<p>tel. 81 45 29 439<br \/>\ne-mail: biurokarier@wspa.pl<\/p>\n<\/div>\n<p>[\/et_pb_text][\/et_pb_column][\/et_pb_row][\/et_pb_section]<\/p>\n","protected":false},"excerpt":{"rendered":"<p>[et_pb_section fb_built=&#8221;1&#8243; _builder_version=&#8221;3.0.106&#8243; custom_padding=&#8221;0|0px|2px|0px&#8221;][et_pb_row custom_padding=&#8221;80px|0px|21px|0px&#8221; _builder_version=&#8221;3.0.106&#8243;][et_pb_column type=&#8221;4_4&#8243; _builder_version=&#8221;3.0.47&#8243; parallax=&#8221;off&#8221; parallax_method=&#8221;on&#8221;][et_pb_text _builder_version=&#8221;3.0.106&#8243; text_font=&#8221;Montserrat|300||on|||||&#8221; text_font_size=&#8221;30px&#8221; text_font_size_phone=&#8221;25px&#8221; text_font_size_last_edited=&#8221;on|desktop&#8221; header_font=&#8221;||||||||&#8221;] Szanowni pa\u0144stwo: [\/et_pb_text][\/et_pb_column][\/et_pb_row][et_pb_row custom_padding=&#8221;0|30px|30px|30px&#8221; custom_padding_phone=&#8221;0|0px|30px|0px&#8221; custom_padding_last_edited=&#8221;on|desktop&#8221; _builder_version=&#8221;3.0.106&#8243;][et_pb_column type=&#8221;1_2&#8243; _builder_version=&#8221;3.0.47&#8243; parallax=&#8221;off&#8221; parallax_method=&#8221;on&#8221;][et_pb_blurb icon_color=&#8221;#e02b20&#8243; image=&#8221;http:\/\/abk.wspa.pl\/wp-content\/uploads\/2018\/11\/samo.png&#8221; icon_placement=&#8221;left&#8221; _builder_version=&#8221;3.0.106&#8243; header_font=&#8221;||||||||&#8221; body_font=&#8221;||||||||&#8221; body_font_size=&#8221;15px&#8221; body_font_size_last_edited=&#8221;on|desktop&#8221; body_line_height=&#8221;1.9em&#8221; border_radii=&#8221;|30px|||&#8221; custom_margin=&#8221;|||&#8221; custom_padding=&#8221;20px|20px|20px|20px&#8221; custom_padding_phone=&#8221;20px|0px|0px|0px&#8221; custom_padding_last_edited=&#8221;on|desktop&#8221; animation_style=&#8221;slide&#8221; animation_direction=&#8221;left&#8221; animation_intensity_slide=&#8221;6%&#8221; animation=&#8221;off&#8221;]Biuro Karier WSPA wsp\u00f3\u0142pracuje z r\u00f3\u017cnymi Pracodawcami celem u\u0142atwienia naszym Studentom [&hellip;]<\/p>\n","protected":false},"author":7,"featured_media":0,"parent":0,"menu_order":0,"comment_status":"closed","ping_status":"closed","template":"","meta":{"footnotes":"","_links_to":"","_links_to_target":""},"_links":{"self":[{"href":"https:\/\/abk.wspa.pl\/index.php\/wp-json\/wp\/v2\/pages\/35"}],"collection":[{"href":"https:\/\/abk.wspa.pl\/index.php\/wp-json\/wp\/v2\/pages"}],"about":[{"href":"https:\/\/abk.wspa.pl\/index.php\/wp-json\/wp\/v2\/types\/page"}],"author":[{"embeddable":true,"href":"https:\/\/abk.wspa.pl\/index.php\/wp-json\/wp\/v2\/users\/7"}],"replies":[{"embeddable":true,"href":"https:\/\/abk.wspa.pl\/index.php\/wp-json\/wp\/v2\/comments?post=35"}],"version-history":[{"count":11,"href":"https:\/\/abk.wspa.pl\/index.php\/wp-json\/wp\/v2\/pages\/35\/revisions"}],"predecessor-version":[{"id":6699,"href":"https:\/\/abk.wspa.pl\/index.php\/wp-json\/wp\/v2\/pages\/35\/revisions\/6699"}],"wp:attachment":[{"href":"https:\/\/abk.wspa.pl\/index.php\/wp-json\/wp\/v2\/media?parent=35"}],"curies":[{"name":"wp","href":"https:\/\/api.w.org\/{rel}","templated":true}]}}