{"id":1424,"date":"2018-12-09T19:41:20","date_gmt":"2018-12-09T18:41:20","guid":{"rendered":"http:\/\/abk.wspa.pl\/?page_id=1424"},"modified":"2019-01-11T01:30:14","modified_gmt":"2019-01-11T00:30:14","slug":"offers","status":"publish","type":"page","link":"https:\/\/abk.wspa.pl\/index.php\/offers\/","title":{"rendered":"Offers"},"content":{"rendered":"<p>[et_pb_section fb_built=&#8221;1&#8243; _builder_version=&#8221;3.0.106&#8243; background_image=&#8221;http:\/\/abk.wspa.pl\/wp-content\/uploads\/2018\/11\/pexels-photo-1089556-e1542931139751.jpeg&#8221; parallax=&#8221;on&#8221; custom_padding=&#8221;18px|0px|383px|0px&#8221; filter_opacity=&#8221;56%&#8221; custom_css_main_element=&#8221;height: 45vh;&#8221;][et_pb_row custom_width_px=&#8221;1223px&#8221; custom_padding=&#8221;50px|0px|44px|45px&#8221; _builder_version=&#8221;3.0.106&#8243;][et_pb_column type=&#8221;1_2&#8243; _builder_version=&#8221;3.0.47&#8243; parallax=&#8221;off&#8221; parallax_method=&#8221;on&#8221;][et_pb_text background_layout=&#8221;dark&#8221; _builder_version=&#8221;3.0.106&#8243; text_font=&#8221;Montserrat|200||on|||||&#8221; text_font_size=&#8221;80px&#8221; text_line_height=&#8221;1.1em&#8221; header_font=&#8221;||||||||&#8221;]<\/p>\n<p>Sprawd\u017a nasze oferty<\/p>\n<p>[\/et_pb_text][\/et_pb_column][et_pb_column type=&#8221;1_2&#8243; _builder_version=&#8221;3.0.47&#8243; parallax=&#8221;off&#8221; parallax_method=&#8221;on&#8221;][et_pb_button button_url=&#8221;\/index.php\/pl\/praca\/&#8221; button_text=&#8221;ZOBACZ&#8221; button_alignment=&#8221;center&#8221; _builder_version=&#8221;3.0.106&#8243; custom_margin=&#8221;200px|||&#8221; custom_button=&#8221;on&#8221; button_text_size=&#8221;34px&#8221; button_text_color=&#8221;rgba(0,0,0,0.61)&#8221; button_bg_color=&#8221;rgba(255,255,255,0.72)&#8221; button_border_width=&#8221;0px&#8221; button_border_radius=&#8221;0px&#8221; button_font=&#8221;Montserrat|300||on|||||&#8221; button_use_icon=&#8221;off&#8221; button_text_color_hover=&#8221;#ffffff&#8221; button_bg_color_hover=&#8221;rgba(224,45,35,0.31)&#8221; button_border_radius_hover=&#8221;0px&#8221; animation_style=&#8221;bounce&#8221; animation_duration=&#8221;1250ms&#8221;][\/et_pb_button][\/et_pb_column][\/et_pb_row][\/et_pb_section][et_pb_section fb_built=&#8221;1&#8243; background_color=&#8221;rgba(0,0,0,0.05)&#8221; next_background_color=&#8221;#ffffff&#8221; _builder_version=&#8221;3.0.106&#8243; background_size=&#8221;initial&#8221; border_width_top=&#8221;2px&#8221; border_color_top=&#8221;#ffffff&#8221; custom_padding=&#8221;0|0px|100px|0px&#8221; bottom_divider_style=&#8221;arrow&#8221; bottom_divider_height=&#8221;50px&#8221; bottom_divider_flip=&#8221;vertical&#8221;][et_pb_row custom_padding=&#8221;93px|0px|30px|0px&#8221; _builder_version=&#8221;3.0.106&#8243;][et_pb_column type=&#8221;4_4&#8243; _builder_version=&#8221;3.0.47&#8243; parallax=&#8221;off&#8221; parallax_method=&#8221;on&#8221;][et_pb_text _builder_version=&#8221;3.0.106&#8243; text_font=&#8221;Montserrat|300||on|||||&#8221; text_font_size=&#8221;30px&#8221; text_text_color=&#8221;#000000&#8243; text_letter_spacing=&#8221;2px&#8221; text_line_height=&#8221;1.2em&#8221; header_font=&#8221;Montserrat|300|||||||&#8221; max_width=&#8221;77%&#8221; module_alignment=&#8221;center&#8221;]<\/p>\n<p style=\"text-align: center;\">Szanowni przedsi\u0119biorcy:<\/p>\n<p>[\/et_pb_text][\/et_pb_column][\/et_pb_row][et_pb_row custom_padding=&#8221;0|30px|29px|30px&#8221; _builder_version=&#8221;3.0.106&#8243;][et_pb_column type=&#8221;1_2&#8243; _builder_version=&#8221;3.0.47&#8243; parallax=&#8221;off&#8221; parallax_method=&#8221;on&#8221;][et_pb_blurb icon_color=&#8221;#e02b20&#8243; image=&#8221;http:\/\/abk.wspa.pl\/wp-content\/uploads\/2018\/11\/samo.png&#8221; icon_placement=&#8221;left&#8221; _builder_version=&#8221;3.0.106&#8243; header_font=&#8221;||||||||&#8221; body_font=&#8221;||||||||&#8221; body_font_size=&#8221;15px&#8221; body_line_height=&#8221;1.9em&#8221; border_radii=&#8221;|30px|||&#8221; custom_margin=&#8221;|||&#8221; custom_padding=&#8221;20px|20px|20px|20px&#8221; animation_style=&#8221;slide&#8221; animation_direction=&#8221;left&#8221; animation_intensity_slide=&#8221;6%&#8221; animation=&#8221;off&#8221;]<\/p>\n<p>Zach\u0119camy Was do zawierania z nami porozumie\u0144 o wsp\u00f3\u0142prac\u0119, deklaracji wsp\u00f3\u0142pracy, w celu przyjmowania naszych Student\u00f3w na organizowane praktyki studenckie. (druki do pobrania mo\u017cna znale\u017a\u0107 w zak\u0142adce dokumenty).<\/p>\n<p>[\/et_pb_blurb][\/et_pb_column][et_pb_column type=&#8221;1_2&#8243; _builder_version=&#8221;3.0.47&#8243; parallax=&#8221;off&#8221; parallax_method=&#8221;on&#8221;][et_pb_blurb icon_color=&#8221;#e02b20&#8243; image=&#8221;http:\/\/abk.wspa.pl\/wp-content\/uploads\/2018\/11\/samo.png&#8221; icon_placement=&#8221;left&#8221; _builder_version=&#8221;3.0.106&#8243; header_font=&#8221;||||||||&#8221; body_font=&#8221;||||||||&#8221; body_font_size=&#8221;15px&#8221; body_line_height=&#8221;1.9em&#8221; border_radii=&#8221;|||30px|&#8221; custom_margin=&#8221;80px|||&#8221; custom_padding=&#8221;20px|20px|20px|20px&#8221; animation_style=&#8221;slide&#8221; animation_direction=&#8221;bottom&#8221; animation_intensity_slide=&#8221;6%&#8221; animation=&#8221;off&#8221;]<\/p>\n<p>Kolejn\u0105 mo\u017cliwo\u015bci\u0105 jest uczestnictwo w Pogramie Praktyk Zawodowych, kt\u00f3rych celem jest nabycie przez Studenta \u2013 Praktykanta umiej\u0119tno\u015bci, wiedzy i zachowa\u0144 &#8211; niezb\u0119dne podczas wykonywania danego zawodu.<\/p>\n<p>[\/et_pb_blurb][\/et_pb_column][\/et_pb_row][\/et_pb_section][et_pb_section fb_built=&#8221;1&#8243; next_background_color=&#8221;rgba(0,0,0,0.05)&#8221; _builder_version=&#8221;3.0.106&#8243; module_alignment=&#8221;center&#8221; custom_padding=&#8221;75px|0px|67px|0px&#8221; bottom_divider_style=&#8221;arrow3&#8243;][et_pb_row custom_padding=&#8221;0|0px|0|0px&#8221; background_color=&#8221;#ffffff&#8221; _builder_version=&#8221;3.0.106&#8243;][et_pb_column type=&#8221;4_4&#8243; _builder_version=&#8221;3.0.47&#8243; parallax=&#8221;off&#8221; parallax_method=&#8221;on&#8221;][et_pb_text _builder_version=&#8221;3.0.106&#8243; text_font=&#8221;Montserrat|300||on|||||&#8221; text_font_size=&#8221;30px&#8221; text_text_color=&#8221;#000000&#8243; text_letter_spacing=&#8221;2px&#8221; text_line_height=&#8221;1.2em&#8221; header_font=&#8221;Montserrat|300|||||||&#8221; max_width=&#8221;77%&#8221; module_alignment=&#8221;center&#8221;]<\/p>\n<p style=\"text-align: center;\">Uczestnikami praktyk zawodowych s\u0105 studenci II i III roku, kierunk\u00f3w:<\/p>\n<p>[\/et_pb_text][\/et_pb_column][\/et_pb_row][et_pb_row custom_padding=&#8221;52px|0px|80px|0px&#8221; background_color=&#8221;#ffffff&#8221; _builder_version=&#8221;3.0.106&#8243;][et_pb_column type=&#8221;1_4&#8243; _builder_version=&#8221;3.0.47&#8243; parallax=&#8221;off&#8221; parallax_method=&#8221;on&#8221;][et_pb_blurb title=&#8221;Administracja&#8221; use_icon=&#8221;on&#8221; font_icon=&#8221;%%72%%&#8221; icon_color=&#8221;rgba(0,0,0,0.38)&#8221; use_icon_font_size=&#8221;on&#8221; icon_font_size=&#8221;50px&#8221; _builder_version=&#8221;3.0.106&#8243; header_font=&#8221;Montserrat||||||||&#8221; header_font_size=&#8221;15px&#8221; header_text_color=&#8221;#e02b20&#8243; body_font=&#8221;Montserrat||||||||&#8221; border_width_all=&#8221;1px&#8221; border_color_all=&#8221;rgba(51,51,51,0.13)&#8221; text_orientation=&#8221;center&#8221; custom_padding=&#8221;50px|50px|50px|50px&#8221; animation_style=&#8221;bounce&#8221; box_shadow_style=&#8221;preset1&#8243; box_shadow_spread=&#8221;-6px&#8221;][\/et_pb_blurb][et_pb_blurb title=&#8221;Zarz\u0105dzanie&#8221; use_icon=&#8221;on&#8221; font_icon=&#8221;%%176%%&#8221; icon_color=&#8221;rgba(0,0,0,0.38)&#8221; use_icon_font_size=&#8221;on&#8221; icon_font_size=&#8221;50px&#8221; _builder_version=&#8221;3.0.106&#8243; header_font=&#8221;Montserrat||||||||&#8221; header_font_size=&#8221;15px&#8221; header_text_color=&#8221;#e02b20&#8243; border_width_all=&#8221;1px&#8221; border_color_all=&#8221;rgba(51,51,51,0.13)&#8221; text_orientation=&#8221;center&#8221; custom_padding=&#8221;50px|50px|40px|50px&#8221; animation_style=&#8221;bounce&#8221; animation_delay=&#8221;200ms&#8221; box_shadow_style=&#8221;preset1&#8243; box_shadow_spread=&#8221;-6px&#8221;][\/et_pb_blurb][\/et_pb_column][et_pb_column type=&#8221;1_4&#8243; _builder_version=&#8221;3.0.47&#8243; parallax=&#8221;off&#8221; parallax_method=&#8221;on&#8221;][et_pb_blurb title=&#8221;Dziennikarstwo i Komunikacja spo\u0142eczna&#8221; use_icon=&#8221;on&#8221; font_icon=&#8221;%%86%%&#8221; icon_color=&#8221;rgba(0,0,0,0.38)&#8221; use_icon_font_size=&#8221;on&#8221; icon_font_size=&#8221;50px&#8221; _builder_version=&#8221;3.0.106&#8243; header_font=&#8221;Montserrat||||||||&#8221; header_font_size=&#8221;15px&#8221; header_text_color=&#8221;#e02b20&#8243; body_font=&#8221;Montserrat||||||||&#8221; border_width_all=&#8221;1px&#8221; border_color_all=&#8221;rgba(51,51,51,0.13)&#8221; text_orientation=&#8221;center&#8221; custom_padding=&#8221;50px|50px|20px|50px&#8221; animation_style=&#8221;bounce&#8221; animation_delay=&#8221;100ms&#8221; box_shadow_style=&#8221;preset1&#8243; box_shadow_spread=&#8221;-6px&#8221;][\/et_pb_blurb][et_pb_blurb title=&#8221;Socjologia&#8221; use_icon=&#8221;on&#8221; font_icon=&#8221;%%259%%&#8221; icon_color=&#8221;rgba(0,0,0,0.38)&#8221; use_icon_font_size=&#8221;on&#8221; icon_font_size=&#8221;50px&#8221; _builder_version=&#8221;3.0.106&#8243; header_font=&#8221;Montserrat||||||||&#8221; header_font_size=&#8221;15px&#8221; header_text_color=&#8221;#e02b20&#8243; border_width_all=&#8221;1px&#8221; border_color_all=&#8221;rgba(51,51,51,0.13)&#8221; text_orientation=&#8221;center&#8221; custom_padding=&#8221;50px|50px|40px|50px&#8221; animation_style=&#8221;bounce&#8221; animation_delay=&#8221;50ms&#8221; box_shadow_style=&#8221;preset1&#8243; box_shadow_spread=&#8221;-6px&#8221;][\/et_pb_blurb][et_pb_blurb title=&#8221;Gospodarka Przestrzenna&#8221; use_icon=&#8221;on&#8221; font_icon=&#8221;%%124%%&#8221; icon_color=&#8221;rgba(0,0,0,0.38)&#8221; use_icon_font_size=&#8221;on&#8221; icon_font_size=&#8221;50px&#8221; _builder_version=&#8221;3.0.106&#8243; header_font=&#8221;Montserrat||||||||&#8221; header_font_size=&#8221;15px&#8221; header_text_color=&#8221;#e02b20&#8243; body_font=&#8221;Montserrat||||||||&#8221; border_width_all=&#8221;1px&#8221; border_color_all=&#8221;rgba(51,51,51,0.13)&#8221; text_orientation=&#8221;center&#8221; custom_padding=&#8221;50px|50px|30px|50px&#8221; animation_style=&#8221;bounce&#8221; animation_delay=&#8221;150ms&#8221; box_shadow_style=&#8221;preset1&#8243; box_shadow_spread=&#8221;-6px&#8221;][\/et_pb_blurb][\/et_pb_column][et_pb_column type=&#8221;1_4&#8243; _builder_version=&#8221;3.0.47&#8243; parallax=&#8221;off&#8221; parallax_method=&#8221;on&#8221;][et_pb_blurb title=&#8221;Finanse i rachunkowo\u015b\u0107&#8221; use_icon=&#8221;on&#8221; font_icon=&#8221;%%160%%&#8221; icon_color=&#8221;rgba(0,0,0,0.38)&#8221; use_icon_font_size=&#8221;on&#8221; icon_font_size=&#8221;50px&#8221; _builder_version=&#8221;3.0.106&#8243; header_font=&#8221;Montserrat||||||||&#8221; header_font_size=&#8221;15px&#8221; header_text_color=&#8221;#e02b20&#8243; body_font=&#8221;Montserrat||||||||&#8221; border_width_all=&#8221;1px&#8221; border_color_all=&#8221;rgba(51,51,51,0.13)&#8221; text_orientation=&#8221;center&#8221; custom_padding=&#8221;50px|50px|35px|50px&#8221; animation_style=&#8221;bounce&#8221; animation_delay=&#8221;300ms&#8221; box_shadow_style=&#8221;preset1&#8243; box_shadow_spread=&#8221;-6px&#8221;][\/et_pb_blurb][et_pb_blurb title=&#8221;Architektura&#8221; use_icon=&#8221;on&#8221; font_icon=&#8221;%%144%%&#8221; icon_color=&#8221;rgba(0,0,0,0.38)&#8221; use_icon_font_size=&#8221;on&#8221; icon_font_size=&#8221;50px&#8221; _builder_version=&#8221;3.0.106&#8243; header_font=&#8221;Montserrat||||||||&#8221; header_font_size=&#8221;15px&#8221; header_text_color=&#8221;#e02b20&#8243; border_width_all=&#8221;1px&#8221; border_color_all=&#8221;rgba(51,51,51,0.13)&#8221; text_orientation=&#8221;center&#8221; custom_padding=&#8221;50px|50px|40px|50px&#8221; animation_style=&#8221;bounce&#8221; animation_delay=&#8221;150ms&#8221; box_shadow_style=&#8221;preset1&#8243; box_shadow_spread=&#8221;-6px&#8221;][\/et_pb_blurb][et_pb_blurb title=&#8221;Transport&#8221; use_icon=&#8221;on&#8221; font_icon=&#8221;%%159%%&#8221; icon_color=&#8221;rgba(0,0,0,0.38)&#8221; use_icon_font_size=&#8221;on&#8221; icon_font_size=&#8221;50px&#8221; _builder_version=&#8221;3.0.106&#8243; header_font=&#8221;Montserrat||||||||&#8221; header_font_size=&#8221;15px&#8221; header_text_color=&#8221;#e02b20&#8243; border_width_all=&#8221;1px&#8221; border_color_all=&#8221;rgba(51,51,51,0.13)&#8221; text_orientation=&#8221;center&#8221; custom_padding=&#8221;50px|50px|45px|50px&#8221; animation_style=&#8221;bounce&#8221; animation_delay=&#8221;100ms&#8221; box_shadow_style=&#8221;preset1&#8243; box_shadow_spread=&#8221;-6px&#8221;][\/et_pb_blurb][\/et_pb_column][et_pb_column type=&#8221;1_4&#8243; _builder_version=&#8221;3.0.47&#8243; parallax=&#8221;off&#8221; parallax_method=&#8221;on&#8221;][et_pb_blurb title=&#8221;Stosunki mi\u0119dzynarodowe&#8221; use_icon=&#8221;on&#8221; font_icon=&#8221;%%165%%&#8221; icon_color=&#8221;rgba(0,0,0,0.38)&#8221; use_icon_font_size=&#8221;on&#8221; icon_font_size=&#8221;50px&#8221; _builder_version=&#8221;3.0.106&#8243; header_font=&#8221;Montserrat||||||||&#8221; header_font_size=&#8221;15px&#8221; header_text_color=&#8221;#e02b20&#8243; body_font=&#8221;Montserrat||||||||&#8221; border_width_all=&#8221;1px&#8221; border_color_all=&#8221;rgba(51,51,51,0.13)&#8221; text_orientation=&#8221;center&#8221; custom_padding=&#8221;50px|40px|35px|50px&#8221; animation_style=&#8221;bounce&#8221; animation_delay=&#8221;250ms&#8221; box_shadow_style=&#8221;preset1&#8243; box_shadow_spread=&#8221;-6px&#8221;][\/et_pb_blurb][et_pb_blurb title=&#8221;Informatyka&#8221; use_icon=&#8221;on&#8221; font_icon=&#8221;%%106%%&#8221; icon_color=&#8221;rgba(0,0,0,0.38)&#8221; use_icon_font_size=&#8221;on&#8221; icon_font_size=&#8221;50px&#8221; _builder_version=&#8221;3.0.106&#8243; header_font=&#8221;Montserrat||||||||&#8221; header_font_size=&#8221;15px&#8221; header_text_color=&#8221;#e02b20&#8243; border_width_all=&#8221;1px&#8221; border_color_all=&#8221;rgba(51,51,51,0.13)&#8221; text_orientation=&#8221;center&#8221; custom_padding=&#8221;50px|50px|40px|50px&#8221; animation_style=&#8221;bounce&#8221; box_shadow_style=&#8221;preset1&#8243; box_shadow_spread=&#8221;-6px&#8221;][\/et_pb_blurb][\/et_pb_column][\/et_pb_row][\/et_pb_section][et_pb_section fb_built=&#8221;1&#8243; background_color=&#8221;rgba(0,0,0,0.05)&#8221; next_background_color=&#8221;#ffffff&#8221; _builder_version=&#8221;3.0.106&#8243; custom_padding=&#8221;80px|0px|127px|0px&#8221; top_divider_height=&#8221;177px&#8221; top_divider_flip=&#8221;horizontal&#8221; bottom_divider_style=&#8221;arrow2&#8243; bottom_divider_flip=&#8221;vertical&#8221;][et_pb_row custom_padding=&#8221;0|0px|0|0px&#8221; _builder_version=&#8221;3.0.106&#8243;][et_pb_column type=&#8221;1_3&#8243; _builder_version=&#8221;3.0.47&#8243; parallax=&#8221;off&#8221; parallax_method=&#8221;on&#8221;][et_pb_blurb icon_color=&#8221;#e02b20&#8243; image=&#8221;http:\/\/abk.wspa.pl\/wp-content\/uploads\/2018\/11\/samo.png&#8221; icon_placement=&#8221;left&#8221; _builder_version=&#8221;3.0.106&#8243; body_font=&#8221;||||||||&#8221; body_font_size=&#8221;15px&#8221; body_line_height=&#8221;1.9em&#8221; animation_style=&#8221;slide&#8221; animation_direction=&#8221;left&#8221; animation_intensity_slide=&#8221;6%&#8221; animation=&#8221;off&#8221;]<\/p>\n<p>W firmie piecz\u0119 nad sta\u017cyst\u0105 pe\u0142ni tzw. zak\u0142adowy opiekun praktyk (mo\u017ce nim by\u0107 tylko osoba zatrudniona na umow\u0119 o prac\u0119 lub wsp\u00f3\u0142\/w\u0142a\u015bciciel przedsi\u0119biorstwa, posiadaj\u0105ca wykszta\u0142cenie wy\u017csze, a tak\u017ce 3 lata do\u015bwiadczenia zawodowego w obszarze analogicznym z zakresem obowi\u0105zk\u00f3w, jakie b\u0119dzie mie\u0107 praktykant)<\/p>\n<p>[\/et_pb_blurb][\/et_pb_column][et_pb_column type=&#8221;1_3&#8243; _builder_version=&#8221;3.0.47&#8243; parallax=&#8221;off&#8221; parallax_method=&#8221;on&#8221;][et_pb_blurb icon_color=&#8221;#e02b20&#8243; image=&#8221;http:\/\/abk.wspa.pl\/wp-content\/uploads\/2018\/11\/samo.png&#8221; icon_placement=&#8221;left&#8221; _builder_version=&#8221;3.0.106&#8243; header_font=&#8221;||||||||&#8221; body_font=&#8221;||||||||&#8221; body_font_size=&#8221;15px&#8221; body_line_height=&#8221;1.9em&#8221; animation_style=&#8221;slide&#8221; animation_direction=&#8221;bottom&#8221; animation_intensity_slide=&#8221;38%&#8221;]<\/p>\n<p>Studenci kierowani s\u0105 na 6 miesi\u0119czne praktyki do firm (w niekt\u00f3rych przypadkach na 3 miesi\u0105ce), kt\u00f3re zg\u0142osz\u0105 si\u0119 do udzia\u0142u w Programie.<\/p>\n<p>[\/et_pb_blurb][\/et_pb_column][et_pb_column type=&#8221;1_3&#8243; _builder_version=&#8221;3.0.47&#8243; parallax=&#8221;off&#8221; parallax_method=&#8221;on&#8221;][et_pb_blurb icon_color=&#8221;#e02b20&#8243; image=&#8221;http:\/\/abk.wspa.pl\/wp-content\/uploads\/2018\/11\/samo.png&#8221; icon_placement=&#8221;left&#8221; _builder_version=&#8221;3.0.106&#8243; body_font=&#8221;||||||||&#8221; body_font_size=&#8221;15px&#8221; body_line_height=&#8221;1.9em&#8221; animation_style=&#8221;slide&#8221; animation_direction=&#8221;right&#8221; animation_delay=&#8221;150ms&#8221; animation_intensity_slide=&#8221;7%&#8221;]<\/p>\n<p>Op\u0142acamy koszt wynagrodzenia opiekuna z firmy (za opiek\u0119 nad jednym studenta w wysoko\u015bci 1 000,00 z\u0142 brutto miesi\u0119cznie przez okres 3 miesi\u0119cy od 4 do 6 miesi\u0105ca praktyk). Kwota wynagrodzenia dla opiekuna mo\u017ce wynie\u015b\u0107 maksymalnie 5 000,00 z\u0142 brutto miesi\u0119cznie, co oznacza, \u017ce jedna osoba mo\u017ce by\u0107 opiekunem maksymalnie 5 student\u00f3w.<\/p>\n<p>[\/et_pb_blurb][\/et_pb_column][\/et_pb_row][\/et_pb_section][et_pb_section fb_built=&#8221;1&#8243; _builder_version=&#8221;3.0.106&#8243; custom_padding=&#8221;0|0px|1px|0px&#8221;][et_pb_row custom_padding=&#8221;80px|0px|100px|0px&#8221; _builder_version=&#8221;3.0.106&#8243;][et_pb_column type=&#8221;4_4&#8243; _builder_version=&#8221;3.0.47&#8243; parallax=&#8221;off&#8221; parallax_method=&#8221;on&#8221;][et_pb_text _builder_version=&#8221;3.0.106&#8243; text_font=&#8221;||||||||&#8221; text_font_size=&#8221;21px&#8221; header_font=&#8221;||||||||&#8221;]<\/p>\n<p style=\"text-align: center;\">Wi\u0119cej informacji mo\u017cecie Pa\u0144stwo uzyska\u0107 w Biurze Karier<\/p>\n<p>[\/et_pb_text][\/et_pb_column][\/et_pb_row][\/et_pb_section][et_pb_section fb_built=&#8221;1&#8243; background_color=&#8221;rgba(255,255,255,0.84)&#8221; _builder_version=&#8221;3.0.106&#8243; background_color_gradient_direction=&#8221;226deg&#8221; background_image=&#8221;http:\/\/abk.wspa.pl\/wp-content\/uploads\/2018\/11\/pexels-photo-459654.jpeg&#8221; background_blend=&#8221;overlay&#8221; border_color_all=&#8221;rgba(51,51,51,0.21)&#8221; border_width_top=&#8221;1px&#8221; border_color_top=&#8221;rgba(0,0,0,0.1)&#8221; custom_padding=&#8221;0|0px|38px|0px&#8221;][et_pb_row custom_padding=&#8221;0|0px|0|0px&#8221; _builder_version=&#8221;3.0.106&#8243;][et_pb_column type=&#8221;1_3&#8243; _builder_version=&#8221;3.0.106&#8243; parallax=&#8221;off&#8221; parallax_method=&#8221;on&#8221;][et_pb_text _builder_version=&#8221;3.0.106&#8243; text_font=&#8221;||||||||&#8221; text_font_size=&#8221;13px&#8221; header_font=&#8221;||||||||&#8221; header_4_font=&#8221;||||||||&#8221; header_4_text_align=&#8221;left&#8221; header_4_text_color=&#8221;#e02b20&#8243; custom_margin=&#8221;55px|||&#8221;]<\/p>\n<h4 class=\"et_pb_module_header\">Akademickie Biuro Karier<\/h4>\n<div class=\"et_pb_blurb_description\">\n<p>ul. Bursaki 12, 20-150 Lublin, Polska<br \/>pok\u00f3j nr 200 \u2013 pi\u0119tro II<\/p>\n<p>\u00a0<\/p>\n<\/div>\n<p>[\/et_pb_text][\/et_pb_column][et_pb_column type=&#8221;1_3&#8243; _builder_version=&#8221;3.0.106&#8243; parallax=&#8221;off&#8221; parallax_method=&#8221;on&#8221;][et_pb_text _builder_version=&#8221;3.0.106&#8243; text_font=&#8221;||||||||&#8221; text_font_size=&#8221;13px&#8221; header_font=&#8221;||||||||&#8221; header_4_font=&#8221;||||||||&#8221; header_4_text_align=&#8221;left&#8221; header_4_text_color=&#8221;#e02b20&#8243; custom_margin=&#8221;55px|||&#8221;]<\/p>\n<p>tel. 81 45 29 439,<br \/> e-mail: biurokarier@wspa.pl<\/p>\n<p>[\/et_pb_text][\/et_pb_column][et_pb_column type=&#8221;1_3&#8243; _builder_version=&#8221;3.0.106&#8243; parallax=&#8221;off&#8221; parallax_method=&#8221;on&#8221;][et_pb_image src=&#8221;http:\/\/abk.wspa.pl\/wp-content\/uploads\/2018\/11\/logo-wspa.png&#8221; url=&#8221;http:\/\/www.wspa.pl&#8221; url_new_window=&#8221;on&#8221; show_bottom_space=&#8221;off&#8221; _builder_version=&#8221;3.0.106&#8243; max_width=&#8221;65%&#8221; module_alignment=&#8221;left&#8221; custom_margin=&#8221;27px|||&#8221; custom_padding=&#8221;|||&#8221;][\/et_pb_image][\/et_pb_column][\/et_pb_row][\/et_pb_section]<\/p>\n","protected":false},"excerpt":{"rendered":"<p>[et_pb_section fb_built=&#8221;1&#8243; _builder_version=&#8221;3.0.106&#8243; background_image=&#8221;http:\/\/abk.wspa.pl\/wp-content\/uploads\/2018\/11\/pexels-photo-1089556-e1542931139751.jpeg&#8221; parallax=&#8221;on&#8221; custom_padding=&#8221;18px|0px|383px|0px&#8221; filter_opacity=&#8221;56%&#8221; custom_css_main_element=&#8221;height: 45vh;&#8221;][et_pb_row custom_width_px=&#8221;1223px&#8221; custom_padding=&#8221;50px|0px|44px|45px&#8221; _builder_version=&#8221;3.0.106&#8243;][et_pb_column type=&#8221;1_2&#8243; _builder_version=&#8221;3.0.47&#8243; parallax=&#8221;off&#8221; parallax_method=&#8221;on&#8221;][et_pb_text background_layout=&#8221;dark&#8221; _builder_version=&#8221;3.0.106&#8243; text_font=&#8221;Montserrat|200||on|||||&#8221; text_font_size=&#8221;80px&#8221; text_line_height=&#8221;1.1em&#8221; header_font=&#8221;||||||||&#8221;] Sprawd\u017a nasze oferty [\/et_pb_text][\/et_pb_column][et_pb_column type=&#8221;1_2&#8243; _builder_version=&#8221;3.0.47&#8243; parallax=&#8221;off&#8221; parallax_method=&#8221;on&#8221;][et_pb_button button_url=&#8221;\/index.php\/pl\/praca\/&#8221; button_text=&#8221;ZOBACZ&#8221; button_alignment=&#8221;center&#8221; _builder_version=&#8221;3.0.106&#8243; custom_margin=&#8221;200px|||&#8221; custom_button=&#8221;on&#8221; button_text_size=&#8221;34px&#8221; button_text_color=&#8221;rgba(0,0,0,0.61)&#8221; button_bg_color=&#8221;rgba(255,255,255,0.72)&#8221; button_border_width=&#8221;0px&#8221; button_border_radius=&#8221;0px&#8221; button_font=&#8221;Montserrat|300||on|||||&#8221; button_use_icon=&#8221;off&#8221; button_text_color_hover=&#8221;#ffffff&#8221; button_bg_color_hover=&#8221;rgba(224,45,35,0.31)&#8221; button_border_radius_hover=&#8221;0px&#8221; animation_style=&#8221;bounce&#8221; animation_duration=&#8221;1250ms&#8221;][\/et_pb_button][\/et_pb_column][\/et_pb_row][\/et_pb_section][et_pb_section fb_built=&#8221;1&#8243; background_color=&#8221;rgba(0,0,0,0.05)&#8221; next_background_color=&#8221;#ffffff&#8221; _builder_version=&#8221;3.0.106&#8243; background_size=&#8221;initial&#8221; border_width_top=&#8221;2px&#8221; border_color_top=&#8221;#ffffff&#8221; [&hellip;]<\/p>\n","protected":false},"author":7,"featured_media":0,"parent":0,"menu_order":0,"comment_status":"closed","ping_status":"closed","template":"","meta":{"footnotes":"","_links_to":"","_links_to_target":""},"_links":{"self":[{"href":"https:\/\/abk.wspa.pl\/index.php\/wp-json\/wp\/v2\/pages\/1424"}],"collection":[{"href":"https:\/\/abk.wspa.pl\/index.php\/wp-json\/wp\/v2\/pages"}],"about":[{"href":"https:\/\/abk.wspa.pl\/index.php\/wp-json\/wp\/v2\/types\/page"}],"author":[{"embeddable":true,"href":"https:\/\/abk.wspa.pl\/index.php\/wp-json\/wp\/v2\/users\/7"}],"replies":[{"embeddable":true,"href":"https:\/\/abk.wspa.pl\/index.php\/wp-json\/wp\/v2\/comments?post=1424"}],"version-history":[{"count":3,"href":"https:\/\/abk.wspa.pl\/index.php\/wp-json\/wp\/v2\/pages\/1424\/revisions"}],"predecessor-version":[{"id":1785,"href":"https:\/\/abk.wspa.pl\/index.php\/wp-json\/wp\/v2\/pages\/1424\/revisions\/1785"}],"wp:attachment":[{"href":"https:\/\/abk.wspa.pl\/index.php\/wp-json\/wp\/v2\/media?parent=1424"}],"curies":[{"name":"wp","href":"https:\/\/api.w.org\/{rel}","templated":true}]}}